{"id":54,"date":"2015-03-08T11:44:55","date_gmt":"2015-03-08T10:44:55","guid":{"rendered":"http:\/\/www.skynaptics.com\/javed\/?page_id=54"},"modified":"2024-05-06T07:14:01","modified_gmt":"2024-05-06T05:14:01","slug":"referenzen","status":"publish","type":"page","link":"http:\/\/www.javed-schwarzdecker.at\/?page_id=54","title":{"rendered":"Referenzen"},"content":{"rendered":"<table>\n<tbody>\n<tr>\n<td>\n<h3 style=\"text-align: left;\"><strong>Einfamilienhaus\u00a0 Bad Erlach<\/strong><\/h3>\n<h5 style=\"text-align: left;\">Bodenbeschichtung<\/h5>\n<\/td>\n<td><a href=\"http:\/\/www.javed-schwarzdecker.at\/wp-content\/uploads\/2022\/06\/34405570-b94a-4c58-bfa9-fc3ab4e727ce.jpg\"><img class=\"wp-image-267 aligncenter\" src=\"http:\/\/www.javed-schwarzdecker.at\/wp-content\/uploads\/2022\/06\/34405570-b94a-4c58-bfa9-fc3ab4e727ce-225x300.jpg\" alt=\"\" width=\"159\" height=\"212\" srcset=\"http:\/\/www.javed-schwarzdecker.at\/wp-content\/uploads\/2022\/06\/34405570-b94a-4c58-bfa9-fc3ab4e727ce-225x300.jpg 225w, http:\/\/www.javed-schwarzdecker.at\/wp-content\/uploads\/2022\/06\/34405570-b94a-4c58-bfa9-fc3ab4e727ce-773x1030.jpg 773w, http:\/\/www.javed-schwarzdecker.at\/wp-content\/uploads\/2022\/06\/34405570-b94a-4c58-bfa9-fc3ab4e727ce-768x1024.jpg 768w, http:\/\/www.javed-schwarzdecker.at\/wp-content\/uploads\/2022\/06\/34405570-b94a-4c58-bfa9-fc3ab4e727ce-1152x1536.jpg 1152w, http:\/\/www.javed-schwarzdecker.at\/wp-content\/uploads\/2022\/06\/34405570-b94a-4c58-bfa9-fc3ab4e727ce.jpg 1512w\" sizes=\"(max-width: 159px) 100vw, 159px\" \/><\/a><\/td>\n<\/tr>\n<tr>\n<td>\n<p style=\"text-align: center;\"><a href=\"http:\/\/www.javed-schwarzdecker.at\/wp-content\/uploads\/2022\/06\/e63d3f5e-f7f3-4205-96ef-7c50d4981e35.jpg\"><img fetchpriority=\"high\" class=\"alignnone size-medium wp-image-272\" src=\"http:\/\/www.javed-schwarzdecker.at\/wp-content\/uploads\/2022\/06\/e63d3f5e-f7f3-4205-96ef-7c50d4981e35-225x300.jpg\" alt=\"\" width=\"225\" height=\"300\" srcset=\"http:\/\/www.javed-schwarzdecker.at\/wp-content\/uploads\/2022\/06\/e63d3f5e-f7f3-4205-96ef-7c50d4981e35-225x300.jpg 225w, http:\/\/www.javed-schwarzdecker.at\/wp-content\/uploads\/2022\/06\/e63d3f5e-f7f3-4205-96ef-7c50d4981e35-773x1030.jpg 773w, http:\/\/www.javed-schwarzdecker.at\/wp-content\/uploads\/2022\/06\/e63d3f5e-f7f3-4205-96ef-7c50d4981e35-768x1024.jpg 768w, http:\/\/www.javed-schwarzdecker.at\/wp-content\/uploads\/2022\/06\/e63d3f5e-f7f3-4205-96ef-7c50d4981e35-1152x1536.jpg 1152w, http:\/\/www.javed-schwarzdecker.at\/wp-content\/uploads\/2022\/06\/e63d3f5e-f7f3-4205-96ef-7c50d4981e35.jpg 1200w\" sizes=\"(max-width: 225px) 100vw, 225px\" \/><\/a><\/p>\n<\/td>\n<td>\n<h3 style=\"text-align: right;\"><strong>Gro\u00dfmarktdach<\/strong><\/h3>\n<h5 style=\"text-align: right;\">Gro\u00dffl\u00e4chige Abdichtung eines Flachdaches mit<br \/>\nLichtkuppen.<\/h5>\n<\/td>\n<\/tr>\n<tr>\n<td>\n<h3 style=\"text-align: left;\"><strong>Einfamilienhaus Willendorf<\/strong><\/h3>\n<h5 style=\"text-align: left;\">Triflex Abdichtung einer Terrassent\u00fcr<\/h5>\n<\/td>\n<td><a href=\"http:\/\/www.javed-schwarzdecker.at\/wp-content\/uploads\/2015\/03\/20151029_145248.jpg\"><img class=\" wp-image-195 alignright\" src=\"http:\/\/www.javed-schwarzdecker.at\/wp-content\/uploads\/2015\/03\/20151029_145248-300x169.jpg\" alt=\"20151029_145248\" width=\"398\" height=\"224\" srcset=\"http:\/\/www.javed-schwarzdecker.at\/wp-content\/uploads\/2015\/03\/20151029_145248-300x169.jpg 300w, http:\/\/www.javed-schwarzdecker.at\/wp-content\/uploads\/2015\/03\/20151029_145248-450x253.jpg 450w, http:\/\/www.javed-schwarzdecker.at\/wp-content\/uploads\/2015\/03\/20151029_145248.jpg 533w\" sizes=\"(max-width: 398px) 100vw, 398px\" \/><\/a><\/td>\n<\/tr>\n<\/tbody>\n<\/table>\n","protected":false},"excerpt":{"rendered":"<p>Einfamilienhaus\u00a0 Bad Erlach Bodenbeschichtung Gro\u00dfmarktdach Gro\u00dffl\u00e4chige Abdichtung eines Flachdaches mit Lichtkuppen. Einfamilienhaus Willendorf Triflex Abdichtung einer Terrassent\u00fcr<\/p>\n","protected":false},"author":1,"featured_media":0,"parent":0,"menu_order":0,"comment_status":"closed","ping_status":"closed","template":"","meta":[],"_links":{"self":[{"href":"http:\/\/www.javed-schwarzdecker.at\/index.php?rest_route=\/wp\/v2\/pages\/54"}],"collection":[{"href":"http:\/\/www.javed-schwarzdecker.at\/index.php?rest_route=\/wp\/v2\/pages"}],"about":[{"href":"http:\/\/www.javed-schwarzdecker.at\/index.php?rest_route=\/wp\/v2\/types\/page"}],"author":[{"embeddable":true,"href":"http:\/\/www.javed-schwarzdecker.at\/index.php?rest_route=\/wp\/v2\/users\/1"}],"replies":[{"embeddable":true,"href":"http:\/\/www.javed-schwarzdecker.at\/index.php?rest_route=%2Fwp%2Fv2%2Fcomments&post=54"}],"version-history":[{"count":61,"href":"http:\/\/www.javed-schwarzdecker.at\/index.php?rest_route=\/wp\/v2\/pages\/54\/revisions"}],"predecessor-version":[{"id":275,"href":"http:\/\/www.javed-schwarzdecker.at\/index.php?rest_route=\/wp\/v2\/pages\/54\/revisions\/275"}],"wp:attachment":[{"href":"http:\/\/www.javed-schwarzdecker.at\/index.php?rest_route=%2Fwp%2Fv2%2Fmedia&parent=54"}],"curies":[{"name":"wp","href":"https:\/\/api.w.org\/{rel}","templated":true}]}}