{"id":58,"date":"2015-03-08T16:15:23","date_gmt":"2015-03-08T15:15:23","guid":{"rendered":"http:\/\/www.skynaptics.com\/javed\/?page_id=58"},"modified":"2024-05-06T07:04:32","modified_gmt":"2024-05-06T05:04:32","slug":"home","status":"publish","type":"page","link":"http:\/\/www.javed-schwarzdecker.at\/","title":{"rendered":"Home"},"content":{"rendered":"<h3 style=\"padding-left: 150px;\"><strong>Danke das Sie sich f\u00fcr unsere Dienstleistungen und Produkte interessieren.<\/strong><\/h3>\n<p style=\"padding-left: 150px;\"><a href=\"http:\/\/www.javed-schwarzdecker.at\/wp-content\/uploads\/2015\/03\/image-e1425832289468.jpg\"><img fetchpriority=\"high\" class=\"alignnone wp-image-71 size-medium\" src=\"http:\/\/www.javed-schwarzdecker.at\/wp-content\/uploads\/2015\/03\/image-e1425832267445-224x300.jpg\" width=\"224\" height=\"300\" \/><\/a><\/p>\n<p style=\"padding-left: 150px;\">Obwohl unsere Firma erst seit 2014 besteht k\u00f6nnen wir auf eine Erfahrung<br \/>\nvon mehr als 30 Jahren zur\u00fcckgreifen, und Sie nach bestem Wissen und<br \/>\nGewissen beraten. Es ist uns wichtig zufriedene Kunden zu haben und dies<br \/>\nzu einem fairen Preis. \u00dcberzeugen Sie sich selbst und lesen Sie mehr bei unseren<br \/>\n<a title=\"Referenzen\" href=\"http:\/\/www.skynaptics.com\/javed\/?page_id=54\" target=\"_blank\" rel=\"noopener\">Referenzprojekten&#8230;<\/a><\/p>\n<p style=\"padding-left: 150px;\">Wir erledigen gerne folgende Anforderungen f\u00fcr Sie:<\/p>\n<p style=\"padding-left: 150px;\">\u00a0 &#8211; \u00a0Abdichtarbeiten<\/p>\n<p style=\"padding-left: 150px;\">\u00a0 &#8211; \u00a0Isolationsarbeiten<\/p>\n<p style=\"padding-left: 150px;\">\u00a0 &#8211; \u00a0Sanierungsarbeiten<\/p>\n<p style=\"padding-left: 150px;\">\u00a0 &#8211; \u00a0W\u00e4rmed\u00e4mmungsarbeiten<\/p>\n<p style=\"padding-left: 150px;\">Reparaturarbeiten aller Dicht- uns Isolationszonen Ihres Geb\u00e4udes<\/p>\n<p style=\"padding-left: 150px;\">\n","protected":false},"excerpt":{"rendered":"<p>Danke das Sie sich f\u00fcr unsere Dienstleistungen und Produkte interessieren. Obwohl unsere Firma erst seit 2014 besteht k\u00f6nnen wir auf eine Erfahrung von mehr als 30 Jahren zur\u00fcckgreifen, und Sie nach bestem Wissen und Gewissen beraten. Es ist uns wichtig zufriedene Kunden zu haben und dies zu einem fairen Preis. \u00dcberzeugen Sie sich selbst und [&hellip;]<\/p>\n","protected":false},"author":1,"featured_media":0,"parent":0,"menu_order":0,"comment_status":"closed","ping_status":"closed","template":"","meta":[],"_links":{"self":[{"href":"http:\/\/www.javed-schwarzdecker.at\/index.php?rest_route=\/wp\/v2\/pages\/58"}],"collection":[{"href":"http:\/\/www.javed-schwarzdecker.at\/index.php?rest_route=\/wp\/v2\/pages"}],"about":[{"href":"http:\/\/www.javed-schwarzdecker.at\/index.php?rest_route=\/wp\/v2\/types\/page"}],"author":[{"embeddable":true,"href":"http:\/\/www.javed-schwarzdecker.at\/index.php?rest_route=\/wp\/v2\/users\/1"}],"replies":[{"embeddable":true,"href":"http:\/\/www.javed-schwarzdecker.at\/index.php?rest_route=%2Fwp%2Fv2%2Fcomments&post=58"}],"version-history":[{"count":12,"href":"http:\/\/www.javed-schwarzdecker.at\/index.php?rest_route=\/wp\/v2\/pages\/58\/revisions"}],"predecessor-version":[{"id":295,"href":"http:\/\/www.javed-schwarzdecker.at\/index.php?rest_route=\/wp\/v2\/pages\/58\/revisions\/295"}],"wp:attachment":[{"href":"http:\/\/www.javed-schwarzdecker.at\/index.php?rest_route=%2Fwp%2Fv2%2Fmedia&parent=58"}],"curies":[{"name":"wp","href":"https:\/\/api.w.org\/{rel}","templated":true}]}}